{"id":331,"date":"2017-03-04T18:16:12","date_gmt":"2017-03-04T17:16:12","guid":{"rendered":"http:\/\/s667130194.onlinehome.fr\/web\/?page_id=331"},"modified":"2018-12-06T15:14:03","modified_gmt":"2018-12-06T14:14:03","slug":"calendrier","status":"publish","type":"page","link":"http:\/\/sangliersduferrain.com\/web\/calendrier\/","title":{"rendered":"Nos r\u00e9f\u00e9rences"},"content":{"rendered":"<p align=\"center\"><span style=\"font-size: medium;\"><b>\u00a0Nos R\u00e9f\u00e9rences<br \/>\n<\/b><\/span><\/p>\n<p align=\"center\"><span style=\"font-size: medium;\">Depuis 25 ans, la Ghilde est pr\u00e9sente sur de nombreuses f\u00eates m\u00e9di\u00e9vales. Parmi les organisateurs qui nous ont fait confiance (et pour certains plusieurs fois), nous pouvons citer\u00a0:<\/span><\/p>\n<p style=\"text-align: center;\"><strong><span style=\"font-size: 12pt;\">\u00a0Asnapio (Parc arch\u00e9ologique)<\/span><br \/>\n<\/strong><\/p>\n<p style=\"text-align: center;\"><strong><span style=\"font-size: 12pt;\">Bellaing<\/span><\/strong><\/p>\n<p style=\"text-align: center;\"><strong><span style=\"font-size: 12pt;\">Bergues<br \/>\n<\/span><\/strong><\/p>\n<p style=\"text-align: center;\"><strong><span style=\"font-size: 12pt;\">Bethune<\/span><\/strong><\/p>\n<p style=\"text-align: center;\"><strong><span style=\"font-size: 12pt;\">Bours (ch\u00e2teau)<\/span><\/strong><\/p>\n<p style=\"text-align: center;\"><strong><span style=\"font-size: 12pt;\">Bouvignies<\/span><\/strong><\/p>\n<p style=\"text-align: center;\"><strong><span style=\"font-size: 12pt;\">Carcassonne<\/span><\/strong><\/p>\n<p style=\"text-align: center;\"><strong><span style=\"font-size: 12pt;\">Clermont<\/span><\/strong><\/p>\n<p style=\"text-align: center;\"><strong><span style=\"font-size: 12pt;\">Dourdan (Ch\u00e2teau)<\/span><\/strong><\/p>\n<p style=\"text-align: center;\"><strong><span style=\"font-size: 12pt;\">Erquinghem-Lys<\/span><\/strong><\/p>\n<p style=\"text-align: center;\"><strong><span style=\"font-size: 12pt;\">Foix<\/span><\/strong><\/p>\n<p style=\"text-align: center;\"><strong>Guarbecque<\/strong><\/p>\n<p style=\"text-align: center;\"><strong><span style=\"font-size: 12pt;\">Halluin<\/span><\/strong><\/p>\n<p style=\"text-align: center;\"><strong><span style=\"font-size: 12pt;\">Hattonch\u00e2tel<\/span><\/strong><\/p>\n<p style=\"text-align: center;\"><strong><span style=\"font-size: 12pt;\">Houdan<\/span><\/strong><\/p>\n<p style=\"text-align: center;\"><strong><span style=\"font-size: 12pt;\">Hurionville<\/span><\/strong><\/p>\n<p style=\"text-align: center;\"><strong><span style=\"font-size: 12pt;\">La Verrerie (ch\u00e2teau)<\/span><\/strong><\/p>\n<p style=\"text-align: center;\"><strong><span style=\"font-size: 12pt;\">Li\u00e8ge<\/span><\/strong><\/p>\n<p style=\"text-align: center;\"><strong><span style=\"font-size: 12pt;\">Lillers<\/span><\/strong><\/p>\n<p style=\"text-align: center;\"><strong><span style=\"font-size: 12pt;\">Linselles<\/span><\/strong><\/p>\n<p style=\"text-align: center;\"><strong>Loos<\/strong><\/p>\n<p style=\"text-align: center;\"><strong><span style=\"font-size: 12pt;\">Louvil<\/span><\/strong><\/p>\n<p style=\"text-align: center;\"><strong><span style=\"font-size: 12pt;\">Maing<\/span><\/strong><\/p>\n<p style=\"text-align: center;\"><strong><span style=\"font-size: 12pt;\">Marquette<\/span><\/strong><\/p>\n<p style=\"text-align: center;\"><strong><span style=\"font-size: 12pt;\">Mecquignies<\/span><\/strong><\/p>\n<p style=\"text-align: center;\"><strong><span style=\"font-size: 12pt;\">Moncontour<\/span><\/strong><\/p>\n<p style=\"text-align: center;\"><strong><span style=\"font-size: 12pt;\">Mons-en-P\u00e9v\u00e8le<\/span><\/strong><\/p>\n<p style=\"text-align: center;\"><strong><span style=\"font-size: 12pt;\">Montigny-en-Ostrevent<\/span><\/strong><\/p>\n<p style=\"text-align: center;\"><strong>Mus\u00e9e de Plein air Villeneuve d&rsquo;Asq<\/strong><\/p>\n<p style=\"text-align: center;\"><strong>Olhain (Parc)<\/strong><\/p>\n<p style=\"text-align: center;\"><strong><span style=\"font-size: 12pt;\">P\u00e9renchies<\/span><\/strong><\/p>\n<p style=\"text-align: center;\"><strong><span style=\"font-size: 12pt;\">Rodemack<\/span><\/strong><\/p>\n<p style=\"text-align: center;\"><strong>Sagonne (ch\u00e2teau)<\/strong><\/p>\n<p style=\"text-align: center;\"><strong><span style=\"font-size: 12pt;\">Sainte Genevi\u00e8ve<\/span><\/strong><\/p>\n<p style=\"text-align: center;\"><strong><span style=\"font-size: 12pt;\">Tourcoing<\/span><\/strong><\/p>\n<p style=\"text-align: center;\" align=\"center\"><span style=\"font-size: medium;\">\u00a0<\/span><\/p>\n<p align=\"center\"><span style=\"font-size: medium;\">\u00a0<\/span><\/p>\n<p align=\"center\"><span style=\"font-size: medium;\">\u00a0<\/span><\/p>\n<p align=\"center\"><span style=\"font-size: medium;\">\u00a0<\/span><\/p>\n","protected":false},"excerpt":{"rendered":"<p>\u00a0Nos R\u00e9f\u00e9rences Depuis 25 ans, la Ghilde est pr\u00e9sente sur de nombreuses f\u00eates m\u00e9di\u00e9vales. Parmi les organisateurs qui nous ont fait confiance (et pour certains plusieurs fois), nous pouvons citer\u00a0: \u00a0Asnapio (Parc arch\u00e9ologique) Bellaing Bergues Bethune Bours (ch\u00e2teau) Bouvignies Carcassonne Clermont Dourdan (Ch\u00e2teau) Erquinghem-Lys Foix Guarbecque Halluin Hattonch\u00e2tel Houdan Hurionville La Verrerie (ch\u00e2teau) Li\u00e8ge Lillers [&hellip;]<\/p>\n","protected":false},"author":2,"featured_media":0,"parent":0,"menu_order":0,"comment_status":"closed","ping_status":"closed","template":"","meta":[],"_links":{"self":[{"href":"http:\/\/sangliersduferrain.com\/web\/wp-json\/wp\/v2\/pages\/331"}],"collection":[{"href":"http:\/\/sangliersduferrain.com\/web\/wp-json\/wp\/v2\/pages"}],"about":[{"href":"http:\/\/sangliersduferrain.com\/web\/wp-json\/wp\/v2\/types\/page"}],"author":[{"embeddable":true,"href":"http:\/\/sangliersduferrain.com\/web\/wp-json\/wp\/v2\/users\/2"}],"replies":[{"embeddable":true,"href":"http:\/\/sangliersduferrain.com\/web\/wp-json\/wp\/v2\/comments?post=331"}],"version-history":[{"count":13,"href":"http:\/\/sangliersduferrain.com\/web\/wp-json\/wp\/v2\/pages\/331\/revisions"}],"predecessor-version":[{"id":736,"href":"http:\/\/sangliersduferrain.com\/web\/wp-json\/wp\/v2\/pages\/331\/revisions\/736"}],"wp:attachment":[{"href":"http:\/\/sangliersduferrain.com\/web\/wp-json\/wp\/v2\/media?parent=331"}],"curies":[{"name":"wp","href":"https:\/\/api.w.org\/{rel}","templated":true}]}}