{"id":579,"date":"2017-04-13T16:43:08","date_gmt":"2017-04-13T14:43:08","guid":{"rendered":"http:\/\/s667130194.onlinehome.fr\/web\/?page_id=579"},"modified":"2018-12-06T14:44:10","modified_gmt":"2018-12-06T13:44:10","slug":"interventions-pedagogiques","status":"publish","type":"page","link":"http:\/\/sangliersduferrain.com\/web\/interventions-pedagogiques\/","title":{"rendered":"Interventions p\u00e9dagogiques"},"content":{"rendered":"<p style=\"text-align: left;\">La Ghilde intervient \u00e9galement dans les \u00e9coles et coll\u00e8ges, dans le cadre d&rsquo;activit\u00e9s p\u00e9dagogiques, en compl\u00e9ment d&rsquo;un ou de plusieurs programmes.<\/p>\n<p style=\"text-align: left;\">En partenariat avec l&rsquo;\u00e9quipe enseignante, les animateurs pr\u00e9sentent de fa\u00e7on ludique et concr\u00e8te, l&rsquo;\u00e9volution des armes\u00a0 et armures,\u00a0 les rapports entre les diff\u00e9rents chevaliers, pi\u00e9taille ou archers ainsi que l&rsquo;organisation des arm\u00e9es selon les p\u00e9riodes de l&rsquo;histoire.<\/p>\n<p style=\"text-align: left;\">Certains membres sont \u00e9galement conf\u00e9renciers dans de nombreux de cercles historiques ou culturels.<\/p>\n\n\t\t<style type=\"text\/css\">\n\t\t\t#gallery-1 {\n\t\t\t\tmargin: auto;\n\t\t\t}\n\t\t\t#gallery-1 .gallery-item {\n\t\t\t\tfloat: left;\n\t\t\t\tmargin-top: 10px;\n\t\t\t\ttext-align: center;\n\t\t\t\twidth: 33%;\n\t\t\t}\n\t\t\t#gallery-1 img {\n\t\t\t\tborder: 2px solid #cfcfcf;\n\t\t\t}\n\t\t\t#gallery-1 .gallery-caption {\n\t\t\t\tmargin-left: 0;\n\t\t\t}\n\t\t\t\/* see gallery_shortcode() in wp-includes\/media.php *\/\n\t\t<\/style>\n\t\t<div id='gallery-1' class='gallery galleryid-579 gallery-columns-3 gallery-size-medium'><dl class='gallery-item'>\n\t\t\t<dt class='gallery-icon landscape'>\n\t\t\t\t<a href='http:\/\/sangliersduferrain.com\/web\/wp-content\/uploads\/IMG_0264-300x225.jpg' title=\"\" data-rl_title=\"\" class=\"rl-gallery-link\" data-rl_caption=\"\" data-rel=\"lightbox-gallery-1\"><img width=\"300\" height=\"225\" src=\"http:\/\/sangliersduferrain.com\/web\/wp-content\/uploads\/IMG_0264-300x225.jpg\" class=\"attachment-medium size-medium\" alt=\"\" loading=\"lazy\" srcset=\"http:\/\/sangliersduferrain.com\/web\/wp-content\/uploads\/IMG_0264-300x225.jpg 300w, http:\/\/sangliersduferrain.com\/web\/wp-content\/uploads\/IMG_0264-768x576.jpg 768w, http:\/\/sangliersduferrain.com\/web\/wp-content\/uploads\/IMG_0264-1024x768.jpg 1024w\" sizes=\"(max-width: 300px) 100vw, 300px\" \/><\/a>\n\t\t\t<\/dt><\/dl><dl class='gallery-item'>\n\t\t\t<dt class='gallery-icon landscape'>\n\t\t\t\t<a href='http:\/\/sangliersduferrain.com\/web\/wp-content\/uploads\/2017\/02\/12919790_1719350821615377_910862239421727905_n-300x225.jpg' title=\"\" data-rl_title=\"\" class=\"rl-gallery-link\" data-rl_caption=\"\" data-rel=\"lightbox-gallery-1\"><img width=\"300\" height=\"225\" src=\"http:\/\/sangliersduferrain.com\/web\/wp-content\/uploads\/2017\/02\/12919790_1719350821615377_910862239421727905_n-300x225.jpg\" class=\"attachment-medium size-medium\" alt=\"\" loading=\"lazy\" srcset=\"http:\/\/sangliersduferrain.com\/web\/wp-content\/uploads\/2017\/02\/12919790_1719350821615377_910862239421727905_n-300x225.jpg 300w, http:\/\/sangliersduferrain.com\/web\/wp-content\/uploads\/2017\/02\/12919790_1719350821615377_910862239421727905_n-768x576.jpg 768w, http:\/\/sangliersduferrain.com\/web\/wp-content\/uploads\/2017\/02\/12919790_1719350821615377_910862239421727905_n.jpg 960w\" sizes=\"(max-width: 300px) 100vw, 300px\" \/><\/a>\n\t\t\t<\/dt><\/dl><dl class='gallery-item'>\n\t\t\t<dt class='gallery-icon landscape'>\n\t\t\t\t<a href='http:\/\/sangliersduferrain.com\/web\/wp-content\/uploads\/2017\/02\/11142426_1719351361615323_4080454557601771565_n-300x225.jpg' title=\"\" data-rl_title=\"\" class=\"rl-gallery-link\" data-rl_caption=\"\" data-rel=\"lightbox-gallery-1\"><img width=\"300\" height=\"225\" src=\"http:\/\/sangliersduferrain.com\/web\/wp-content\/uploads\/2017\/02\/11142426_1719351361615323_4080454557601771565_n-300x225.jpg\" class=\"attachment-medium size-medium\" alt=\"\" loading=\"lazy\" srcset=\"http:\/\/sangliersduferrain.com\/web\/wp-content\/uploads\/2017\/02\/11142426_1719351361615323_4080454557601771565_n-300x225.jpg 300w, http:\/\/sangliersduferrain.com\/web\/wp-content\/uploads\/2017\/02\/11142426_1719351361615323_4080454557601771565_n-768x576.jpg 768w, http:\/\/sangliersduferrain.com\/web\/wp-content\/uploads\/2017\/02\/11142426_1719351361615323_4080454557601771565_n.jpg 960w\" sizes=\"(max-width: 300px) 100vw, 300px\" \/><\/a>\n\t\t\t<\/dt><\/dl><br style=\"clear: both\" \/><dl class='gallery-item'>\n\t\t\t<dt class='gallery-icon landscape'>\n\t\t\t\t<a href='http:\/\/sangliersduferrain.com\/web\/wp-content\/uploads\/DSCN6954-flout\u00e9-300x225.jpg' title=\"\" data-rl_title=\"\" class=\"rl-gallery-link\" data-rl_caption=\"\" data-rel=\"lightbox-gallery-1\"><img width=\"300\" height=\"225\" src=\"http:\/\/sangliersduferrain.com\/web\/wp-content\/uploads\/DSCN6954-flout\u00e9-300x225.jpg\" class=\"attachment-medium size-medium\" alt=\"\" loading=\"lazy\" srcset=\"http:\/\/sangliersduferrain.com\/web\/wp-content\/uploads\/DSCN6954-flout\u00e9-300x225.jpg 300w, http:\/\/sangliersduferrain.com\/web\/wp-content\/uploads\/DSCN6954-flout\u00e9-768x576.jpg 768w, http:\/\/sangliersduferrain.com\/web\/wp-content\/uploads\/DSCN6954-flout\u00e9-1024x768.jpg 1024w\" sizes=\"(max-width: 300px) 100vw, 300px\" \/><\/a>\n\t\t\t<\/dt><\/dl><dl class='gallery-item'>\n\t\t\t<dt class='gallery-icon landscape'>\n\t\t\t\t<a href='http:\/\/sangliersduferrain.com\/web\/wp-content\/uploads\/DSCN6952flout\u00e9-300x225.jpg' title=\"\" data-rl_title=\"\" class=\"rl-gallery-link\" data-rl_caption=\"\" data-rel=\"lightbox-gallery-1\"><img width=\"300\" height=\"225\" src=\"http:\/\/sangliersduferrain.com\/web\/wp-content\/uploads\/DSCN6952flout\u00e9-300x225.jpg\" class=\"attachment-medium size-medium\" alt=\"\" loading=\"lazy\" srcset=\"http:\/\/sangliersduferrain.com\/web\/wp-content\/uploads\/DSCN6952flout\u00e9-300x225.jpg 300w, http:\/\/sangliersduferrain.com\/web\/wp-content\/uploads\/DSCN6952flout\u00e9-768x576.jpg 768w, http:\/\/sangliersduferrain.com\/web\/wp-content\/uploads\/DSCN6952flout\u00e9-1024x768.jpg 1024w\" sizes=\"(max-width: 300px) 100vw, 300px\" \/><\/a>\n\t\t\t<\/dt><\/dl><dl class='gallery-item'>\n\t\t\t<dt class='gallery-icon landscape'>\n\t\t\t\t<a href='http:\/\/sangliersduferrain.com\/web\/wp-content\/uploads\/30709140_2038293886387734_2268833780111823977_n-300x225.jpg' title=\"\" data-rl_title=\"\" class=\"rl-gallery-link\" data-rl_caption=\"\" data-rel=\"lightbox-gallery-1\"><img width=\"300\" height=\"225\" src=\"http:\/\/sangliersduferrain.com\/web\/wp-content\/uploads\/30709140_2038293886387734_2268833780111823977_n-300x225.jpg\" class=\"attachment-medium size-medium\" alt=\"\" loading=\"lazy\" srcset=\"http:\/\/sangliersduferrain.com\/web\/wp-content\/uploads\/30709140_2038293886387734_2268833780111823977_n-300x225.jpg 300w, http:\/\/sangliersduferrain.com\/web\/wp-content\/uploads\/30709140_2038293886387734_2268833780111823977_n-768x576.jpg 768w, http:\/\/sangliersduferrain.com\/web\/wp-content\/uploads\/30709140_2038293886387734_2268833780111823977_n.jpg 960w\" sizes=\"(max-width: 300px) 100vw, 300px\" \/><\/a>\n\t\t\t<\/dt><\/dl><br style=\"clear: both\" \/>\n\t\t<\/div>\n\n<p>&nbsp;<\/p>\n","protected":false},"excerpt":{"rendered":"<p>La Ghilde intervient \u00e9galement dans les \u00e9coles et coll\u00e8ges, dans le cadre d&rsquo;activit\u00e9s p\u00e9dagogiques, en compl\u00e9ment d&rsquo;un ou de plusieurs programmes. En partenariat avec l&rsquo;\u00e9quipe enseignante, les animateurs pr\u00e9sentent de fa\u00e7on ludique et concr\u00e8te, l&rsquo;\u00e9volution des armes\u00a0 et armures,\u00a0 les rapports entre les diff\u00e9rents chevaliers, pi\u00e9taille ou archers ainsi que l&rsquo;organisation des arm\u00e9es selon les [&hellip;]<\/p>\n","protected":false},"author":2,"featured_media":0,"parent":0,"menu_order":0,"comment_status":"closed","ping_status":"closed","template":"","meta":[],"_links":{"self":[{"href":"http:\/\/sangliersduferrain.com\/web\/wp-json\/wp\/v2\/pages\/579"}],"collection":[{"href":"http:\/\/sangliersduferrain.com\/web\/wp-json\/wp\/v2\/pages"}],"about":[{"href":"http:\/\/sangliersduferrain.com\/web\/wp-json\/wp\/v2\/types\/page"}],"author":[{"embeddable":true,"href":"http:\/\/sangliersduferrain.com\/web\/wp-json\/wp\/v2\/users\/2"}],"replies":[{"embeddable":true,"href":"http:\/\/sangliersduferrain.com\/web\/wp-json\/wp\/v2\/comments?post=579"}],"version-history":[{"count":6,"href":"http:\/\/sangliersduferrain.com\/web\/wp-json\/wp\/v2\/pages\/579\/revisions"}],"predecessor-version":[{"id":733,"href":"http:\/\/sangliersduferrain.com\/web\/wp-json\/wp\/v2\/pages\/579\/revisions\/733"}],"wp:attachment":[{"href":"http:\/\/sangliersduferrain.com\/web\/wp-json\/wp\/v2\/media?parent=579"}],"curies":[{"name":"wp","href":"https:\/\/api.w.org\/{rel}","templated":true}]}}