{"id":581,"date":"2017-04-13T16:45:06","date_gmt":"2017-04-13T14:45:06","guid":{"rendered":"http:\/\/s667130194.onlinehome.fr\/web\/?page_id=581"},"modified":"2017-04-14T19:14:31","modified_gmt":"2017-04-14T17:14:31","slug":"spectacles-de-feu-et-bateleurs","status":"publish","type":"page","link":"http:\/\/sangliersduferrain.com\/web\/spectacles-de-feu-et-bateleurs\/","title":{"rendered":"Spectacles de feu et bateleurs"},"content":{"rendered":"<p class=\"western\"><img loading=\"lazy\" class=\" wp-image-289 alignleft\" src=\"http:\/\/s667130194.onlinehome.fr\/web\/wp-content\/uploads\/2017\/02\/Steph-et-Beka-au-feu-199x300.jpg\" alt=\"\" width=\"264\" height=\"398\" srcset=\"http:\/\/sangliersduferrain.com\/web\/wp-content\/uploads\/2017\/02\/Steph-et-Beka-au-feu-199x300.jpg 199w, http:\/\/sangliersduferrain.com\/web\/wp-content\/uploads\/2017\/02\/Steph-et-Beka-au-feu.jpg 638w\" sizes=\"(max-width: 264px) 100vw, 264px\" \/><img loading=\"lazy\" class=\"alignright wp-image-666\" src=\"http:\/\/s667130194.onlinehome.fr\/web\/wp-content\/uploads\/13407601_286415068412647_1072786062_n-2-300x175.jpg\" alt=\"\" width=\"523\" height=\"304\" srcset=\"http:\/\/sangliersduferrain.com\/web\/wp-content\/uploads\/13407601_286415068412647_1072786062_n-2-300x175.jpg 300w, http:\/\/sangliersduferrain.com\/web\/wp-content\/uploads\/13407601_286415068412647_1072786062_n-2-768x447.jpg 768w, http:\/\/sangliersduferrain.com\/web\/wp-content\/uploads\/13407601_286415068412647_1072786062_n-2.jpg 959w\" sizes=\"(max-width: 523px) 100vw, 523px\" \/>Les si\u00e8cles m\u00e9di\u00e9vaux ont fort go\u00fbt\u00e9 les f\u00eates. De la taverne au ch\u00e2teau, dans la rue, au march\u00e9, on rit, on boit, on se rassemble autour des bateleurs venus par les chemins amuser seigneurs et gens du peuple.<br \/>\nComme les routes ne sont pas s\u00fbres, il est bien commode pour les jongleurs et les bateleurs de voyager en s\u00fbret\u00e9 avec les troupes.<br \/>\nIls vont deux par deux en criant \u00ab\u00a0Donnez moi car je suis jongleur\u00a0\u00bb et ils injurient ceux qui ne donnent rien.<br \/>\nEn \u00e9change, les soudoyers se divertissent en les regardant jongler avec des couteaux, des haches, des torches, des boules de cuivre, marcher avec des \u00e9chasses ou sur les mains.<\/p>\n\n\t\t<style type=\"text\/css\">\n\t\t\t#gallery-1 {\n\t\t\t\tmargin: auto;\n\t\t\t}\n\t\t\t#gallery-1 .gallery-item {\n\t\t\t\tfloat: left;\n\t\t\t\tmargin-top: 10px;\n\t\t\t\ttext-align: center;\n\t\t\t\twidth: 33%;\n\t\t\t}\n\t\t\t#gallery-1 img {\n\t\t\t\tborder: 2px solid #cfcfcf;\n\t\t\t}\n\t\t\t#gallery-1 .gallery-caption {\n\t\t\t\tmargin-left: 0;\n\t\t\t}\n\t\t\t\/* see gallery_shortcode() in wp-includes\/media.php *\/\n\t\t<\/style>\n\t\t<div id='gallery-1' class='gallery galleryid-581 gallery-columns-3 gallery-size-medium'><dl class='gallery-item'>\n\t\t\t<dt class='gallery-icon landscape'>\n\t\t\t\t<a href='http:\/\/sangliersduferrain.com\/web\/wp-content\/uploads\/IMG_1269-300x258.jpg' title=\"\" data-rl_title=\"\" class=\"rl-gallery-link\" data-rl_caption=\"\" data-rel=\"lightbox-gallery-1\"><img width=\"300\" height=\"258\" src=\"http:\/\/sangliersduferrain.com\/web\/wp-content\/uploads\/IMG_1269-300x258.jpg\" class=\"attachment-medium size-medium\" alt=\"\" loading=\"lazy\" srcset=\"http:\/\/sangliersduferrain.com\/web\/wp-content\/uploads\/IMG_1269-300x258.jpg 300w, http:\/\/sangliersduferrain.com\/web\/wp-content\/uploads\/IMG_1269-768x661.jpg 768w, http:\/\/sangliersduferrain.com\/web\/wp-content\/uploads\/IMG_1269-1024x881.jpg 1024w\" sizes=\"(max-width: 300px) 100vw, 300px\" \/><\/a>\n\t\t\t<\/dt><\/dl><dl class='gallery-item'>\n\t\t\t<dt class='gallery-icon portrait'>\n\t\t\t\t<a href='http:\/\/sangliersduferrain.com\/web\/wp-content\/uploads\/2017\/02\/P1090739-225x300.jpg' title=\"\" data-rl_title=\"\" class=\"rl-gallery-link\" data-rl_caption=\"\" data-rel=\"lightbox-gallery-1\"><img width=\"225\" height=\"300\" src=\"http:\/\/sangliersduferrain.com\/web\/wp-content\/uploads\/2017\/02\/P1090739-225x300.jpg\" class=\"attachment-medium size-medium\" alt=\"\" loading=\"lazy\" srcset=\"http:\/\/sangliersduferrain.com\/web\/wp-content\/uploads\/2017\/02\/P1090739-225x300.jpg 225w, http:\/\/sangliersduferrain.com\/web\/wp-content\/uploads\/2017\/02\/P1090739-768x1024.jpg 768w\" sizes=\"(max-width: 225px) 100vw, 225px\" \/><\/a>\n\t\t\t<\/dt><\/dl><dl class='gallery-item'>\n\t\t\t<dt class='gallery-icon landscape'>\n\t\t\t\t<a href='http:\/\/sangliersduferrain.com\/web\/wp-content\/uploads\/P1090773-300x225.jpg' title=\"\" data-rl_title=\"\" class=\"rl-gallery-link\" data-rl_caption=\"\" data-rel=\"lightbox-gallery-1\"><img width=\"300\" height=\"225\" src=\"http:\/\/sangliersduferrain.com\/web\/wp-content\/uploads\/P1090773-300x225.jpg\" class=\"attachment-medium size-medium\" alt=\"\" loading=\"lazy\" srcset=\"http:\/\/sangliersduferrain.com\/web\/wp-content\/uploads\/P1090773-300x225.jpg 300w, http:\/\/sangliersduferrain.com\/web\/wp-content\/uploads\/P1090773-768x576.jpg 768w, http:\/\/sangliersduferrain.com\/web\/wp-content\/uploads\/P1090773-1024x768.jpg 1024w\" sizes=\"(max-width: 300px) 100vw, 300px\" \/><\/a>\n\t\t\t<\/dt><\/dl><br style=\"clear: both\" \/><dl class='gallery-item'>\n\t\t\t<dt class='gallery-icon landscape'>\n\t\t\t\t<a href='http:\/\/sangliersduferrain.com\/web\/wp-content\/uploads\/2017\/02\/P1090733-300x225.jpg' title=\"\" data-rl_title=\"\" class=\"rl-gallery-link\" data-rl_caption=\"\" data-rel=\"lightbox-gallery-1\"><img width=\"300\" height=\"225\" src=\"http:\/\/sangliersduferrain.com\/web\/wp-content\/uploads\/2017\/02\/P1090733-300x225.jpg\" class=\"attachment-medium size-medium\" alt=\"\" loading=\"lazy\" srcset=\"http:\/\/sangliersduferrain.com\/web\/wp-content\/uploads\/2017\/02\/P1090733-300x225.jpg 300w, http:\/\/sangliersduferrain.com\/web\/wp-content\/uploads\/2017\/02\/P1090733-768x576.jpg 768w, http:\/\/sangliersduferrain.com\/web\/wp-content\/uploads\/2017\/02\/P1090733-1024x768.jpg 1024w\" sizes=\"(max-width: 300px) 100vw, 300px\" \/><\/a>\n\t\t\t<\/dt><\/dl><dl class='gallery-item'>\n\t\t\t<dt class='gallery-icon portrait'>\n\t\t\t\t<a href='http:\/\/sangliersduferrain.com\/web\/wp-content\/uploads\/IMG_1272-240x300.jpg' title=\"\" data-rl_title=\"\" class=\"rl-gallery-link\" data-rl_caption=\"\" data-rel=\"lightbox-gallery-1\"><img width=\"240\" height=\"300\" src=\"http:\/\/sangliersduferrain.com\/web\/wp-content\/uploads\/IMG_1272-240x300.jpg\" class=\"attachment-medium size-medium\" alt=\"\" loading=\"lazy\" srcset=\"http:\/\/sangliersduferrain.com\/web\/wp-content\/uploads\/IMG_1272-240x300.jpg 240w, http:\/\/sangliersduferrain.com\/web\/wp-content\/uploads\/IMG_1272-768x962.jpg 768w, http:\/\/sangliersduferrain.com\/web\/wp-content\/uploads\/IMG_1272-818x1024.jpg 818w\" sizes=\"(max-width: 240px) 100vw, 240px\" \/><\/a>\n\t\t\t<\/dt><\/dl><dl class='gallery-item'>\n\t\t\t<dt class='gallery-icon landscape'>\n\t\t\t\t<a href='http:\/\/sangliersduferrain.com\/web\/wp-content\/uploads\/IMG_1230-300x211.jpg' title=\"\" data-rl_title=\"\" class=\"rl-gallery-link\" data-rl_caption=\"\" data-rel=\"lightbox-gallery-1\"><img width=\"300\" height=\"211\" src=\"http:\/\/sangliersduferrain.com\/web\/wp-content\/uploads\/IMG_1230-300x211.jpg\" class=\"attachment-medium size-medium\" alt=\"\" loading=\"lazy\" srcset=\"http:\/\/sangliersduferrain.com\/web\/wp-content\/uploads\/IMG_1230-300x211.jpg 300w, http:\/\/sangliersduferrain.com\/web\/wp-content\/uploads\/IMG_1230-768x540.jpg 768w, http:\/\/sangliersduferrain.com\/web\/wp-content\/uploads\/IMG_1230-1024x720.jpg 1024w\" sizes=\"(max-width: 300px) 100vw, 300px\" \/><\/a>\n\t\t\t<\/dt><\/dl><br style=\"clear: both\" \/>\n\t\t<\/div>\n\n","protected":false},"excerpt":{"rendered":"<p>Les si\u00e8cles m\u00e9di\u00e9vaux ont fort go\u00fbt\u00e9 les f\u00eates. De la taverne au ch\u00e2teau, dans la rue, au march\u00e9, on rit, on boit, on se rassemble autour des bateleurs venus par les chemins amuser seigneurs et gens du peuple. Comme les routes ne sont pas s\u00fbres, il est bien commode pour les jongleurs et les bateleurs [&hellip;]<\/p>\n","protected":false},"author":2,"featured_media":0,"parent":0,"menu_order":0,"comment_status":"closed","ping_status":"closed","template":"","meta":[],"_links":{"self":[{"href":"http:\/\/sangliersduferrain.com\/web\/wp-json\/wp\/v2\/pages\/581"}],"collection":[{"href":"http:\/\/sangliersduferrain.com\/web\/wp-json\/wp\/v2\/pages"}],"about":[{"href":"http:\/\/sangliersduferrain.com\/web\/wp-json\/wp\/v2\/types\/page"}],"author":[{"embeddable":true,"href":"http:\/\/sangliersduferrain.com\/web\/wp-json\/wp\/v2\/users\/2"}],"replies":[{"embeddable":true,"href":"http:\/\/sangliersduferrain.com\/web\/wp-json\/wp\/v2\/comments?post=581"}],"version-history":[{"count":5,"href":"http:\/\/sangliersduferrain.com\/web\/wp-json\/wp\/v2\/pages\/581\/revisions"}],"predecessor-version":[{"id":684,"href":"http:\/\/sangliersduferrain.com\/web\/wp-json\/wp\/v2\/pages\/581\/revisions\/684"}],"wp:attachment":[{"href":"http:\/\/sangliersduferrain.com\/web\/wp-json\/wp\/v2\/media?parent=581"}],"curies":[{"name":"wp","href":"https:\/\/api.w.org\/{rel}","templated":true}]}}