{"id":583,"date":"2017-04-13T16:45:53","date_gmt":"2017-04-13T14:45:53","guid":{"rendered":"http:\/\/s667130194.onlinehome.fr\/web\/?page_id=583"},"modified":"2018-12-07T18:23:10","modified_gmt":"2018-12-07T17:23:10","slug":"saynetes","status":"publish","type":"page","link":"http:\/\/sangliersduferrain.com\/web\/saynetes\/","title":{"rendered":"Sayn\u00e8tes"},"content":{"rendered":"<p class=\"western\"><img loading=\"lazy\" class=\"wp-image-737  alignright\" src=\"http:\/\/sangliersduferrain.com\/web\/wp-content\/uploads\/34460731_10216275314137803_8299186063637741568_n-300x198.jpg\" alt=\"\" width=\"493\" height=\"325\" srcset=\"http:\/\/sangliersduferrain.com\/web\/wp-content\/uploads\/34460731_10216275314137803_8299186063637741568_n-300x198.jpg 300w, http:\/\/sangliersduferrain.com\/web\/wp-content\/uploads\/34460731_10216275314137803_8299186063637741568_n-768x507.jpg 768w, http:\/\/sangliersduferrain.com\/web\/wp-content\/uploads\/34460731_10216275314137803_8299186063637741568_n.jpg 960w\" sizes=\"(max-width: 493px) 100vw, 493px\" \/><img loading=\"lazy\" class=\"alignleft wp-image-654\" src=\"http:\/\/s667130194.onlinehome.fr\/web\/wp-content\/uploads\/DSC09536-2-238x300.jpg\" alt=\"\" width=\"298\" height=\"375\" srcset=\"http:\/\/sangliersduferrain.com\/web\/wp-content\/uploads\/DSC09536-2-238x300.jpg 238w, http:\/\/sangliersduferrain.com\/web\/wp-content\/uploads\/DSC09536-2-768x967.jpg 768w, http:\/\/sangliersduferrain.com\/web\/wp-content\/uploads\/DSC09536-2-813x1024.jpg 813w, http:\/\/sangliersduferrain.com\/web\/wp-content\/uploads\/DSC09536-2.jpg 1677w\" sizes=\"(max-width: 298px) 100vw, 298px\" \/><br \/>\nToutes les demi-heures environ, l\u2019ambiance du camp est ponctu\u00e9e par le d\u00e9marrage d\u2019une sayn\u00e8te.<\/p>\n<p>Elle interpelle, surprend le public, s\u2019appuie sur des \u00e9v\u00e9nements de la vie quotidienne au Moyen Age\u00a0: recrutement des soudoyers, sc\u00e8nes de justice, proc\u00e8s en sorcellerie, procession des reliques de Saint Perp\u00e8te, ripaille et divertissements, r\u00e9voltes et duels judiciaires\u2026<br \/>\nEt le public est bien souvent invit\u00e9 \u00e0 participer !<\/p>\n\n\t\t<style type=\"text\/css\">\n\t\t\t#gallery-1 {\n\t\t\t\tmargin: auto;\n\t\t\t}\n\t\t\t#gallery-1 .gallery-item {\n\t\t\t\tfloat: left;\n\t\t\t\tmargin-top: 10px;\n\t\t\t\ttext-align: center;\n\t\t\t\twidth: 33%;\n\t\t\t}\n\t\t\t#gallery-1 img {\n\t\t\t\tborder: 2px solid #cfcfcf;\n\t\t\t}\n\t\t\t#gallery-1 .gallery-caption {\n\t\t\t\tmargin-left: 0;\n\t\t\t}\n\t\t\t\/* see gallery_shortcode() in wp-includes\/media.php *\/\n\t\t<\/style>\n\t\t<div id='gallery-1' class='gallery galleryid-583 gallery-columns-3 gallery-size-medium'><dl class='gallery-item'>\n\t\t\t<dt class='gallery-icon landscape'>\n\t\t\t\t<a href='http:\/\/sangliersduferrain.com\/web\/wp-content\/uploads\/DSCN6455-300x225.jpg' title=\"\" data-rl_title=\"\" class=\"rl-gallery-link\" data-rl_caption=\"\" data-rel=\"lightbox-gallery-1\"><img width=\"300\" height=\"225\" src=\"http:\/\/sangliersduferrain.com\/web\/wp-content\/uploads\/DSCN6455-300x225.jpg\" class=\"attachment-medium size-medium\" alt=\"\" loading=\"lazy\" srcset=\"http:\/\/sangliersduferrain.com\/web\/wp-content\/uploads\/DSCN6455-300x225.jpg 300w, http:\/\/sangliersduferrain.com\/web\/wp-content\/uploads\/DSCN6455-768x576.jpg 768w, http:\/\/sangliersduferrain.com\/web\/wp-content\/uploads\/DSCN6455-1024x768.jpg 1024w\" sizes=\"(max-width: 300px) 100vw, 300px\" \/><\/a>\n\t\t\t<\/dt><\/dl><dl class='gallery-item'>\n\t\t\t<dt class='gallery-icon portrait'>\n\t\t\t\t<a href='http:\/\/sangliersduferrain.com\/web\/wp-content\/uploads\/IMGP1884-199x300.jpg' title=\"\" data-rl_title=\"\" class=\"rl-gallery-link\" data-rl_caption=\"\" data-rel=\"lightbox-gallery-1\"><img width=\"199\" height=\"300\" src=\"http:\/\/sangliersduferrain.com\/web\/wp-content\/uploads\/IMGP1884-199x300.jpg\" class=\"attachment-medium size-medium\" alt=\"\" loading=\"lazy\" srcset=\"http:\/\/sangliersduferrain.com\/web\/wp-content\/uploads\/IMGP1884-199x300.jpg 199w, http:\/\/sangliersduferrain.com\/web\/wp-content\/uploads\/IMGP1884-768x1155.jpg 768w, http:\/\/sangliersduferrain.com\/web\/wp-content\/uploads\/IMGP1884-681x1024.jpg 681w, http:\/\/sangliersduferrain.com\/web\/wp-content\/uploads\/IMGP1884.jpg 2000w\" sizes=\"(max-width: 199px) 100vw, 199px\" \/><\/a>\n\t\t\t<\/dt><\/dl><dl class='gallery-item'>\n\t\t\t<dt class='gallery-icon landscape'>\n\t\t\t\t<a href='http:\/\/sangliersduferrain.com\/web\/wp-content\/uploads\/DSCN6466-300x225.jpg' title=\"\" data-rl_title=\"\" class=\"rl-gallery-link\" data-rl_caption=\"\" data-rel=\"lightbox-gallery-1\"><img width=\"300\" height=\"225\" src=\"http:\/\/sangliersduferrain.com\/web\/wp-content\/uploads\/DSCN6466-300x225.jpg\" class=\"attachment-medium size-medium\" alt=\"\" loading=\"lazy\" srcset=\"http:\/\/sangliersduferrain.com\/web\/wp-content\/uploads\/DSCN6466-300x225.jpg 300w, http:\/\/sangliersduferrain.com\/web\/wp-content\/uploads\/DSCN6466-768x576.jpg 768w, http:\/\/sangliersduferrain.com\/web\/wp-content\/uploads\/DSCN6466-1024x768.jpg 1024w\" sizes=\"(max-width: 300px) 100vw, 300px\" \/><\/a>\n\t\t\t<\/dt><\/dl><br style=\"clear: both\" \/><dl class='gallery-item'>\n\t\t\t<dt class='gallery-icon landscape'>\n\t\t\t\t<a href='http:\/\/sangliersduferrain.com\/web\/wp-content\/uploads\/P1040176-300x225.jpg' title=\"\" data-rl_title=\"\" class=\"rl-gallery-link\" data-rl_caption=\"\" data-rel=\"lightbox-gallery-1\"><img width=\"300\" height=\"225\" src=\"http:\/\/sangliersduferrain.com\/web\/wp-content\/uploads\/P1040176-300x225.jpg\" class=\"attachment-medium size-medium\" alt=\"\" loading=\"lazy\" srcset=\"http:\/\/sangliersduferrain.com\/web\/wp-content\/uploads\/P1040176-300x225.jpg 300w, http:\/\/sangliersduferrain.com\/web\/wp-content\/uploads\/P1040176-768x576.jpg 768w, http:\/\/sangliersduferrain.com\/web\/wp-content\/uploads\/P1040176-1024x768.jpg 1024w\" sizes=\"(max-width: 300px) 100vw, 300px\" \/><\/a>\n\t\t\t<\/dt><\/dl><dl class='gallery-item'>\n\t\t\t<dt class='gallery-icon landscape'>\n\t\t\t\t<a href='http:\/\/sangliersduferrain.com\/web\/wp-content\/uploads\/P1090768-300x225.jpg' title=\"\" data-rl_title=\"\" class=\"rl-gallery-link\" data-rl_caption=\"\" data-rel=\"lightbox-gallery-1\"><img width=\"300\" height=\"225\" src=\"http:\/\/sangliersduferrain.com\/web\/wp-content\/uploads\/P1090768-300x225.jpg\" class=\"attachment-medium size-medium\" alt=\"\" loading=\"lazy\" srcset=\"http:\/\/sangliersduferrain.com\/web\/wp-content\/uploads\/P1090768-300x225.jpg 300w, http:\/\/sangliersduferrain.com\/web\/wp-content\/uploads\/P1090768-768x576.jpg 768w, http:\/\/sangliersduferrain.com\/web\/wp-content\/uploads\/P1090768-1024x768.jpg 1024w\" sizes=\"(max-width: 300px) 100vw, 300px\" \/><\/a>\n\t\t\t<\/dt><\/dl><dl class='gallery-item'>\n\t\t\t<dt class='gallery-icon landscape'>\n\t\t\t\t<a href='http:\/\/sangliersduferrain.com\/web\/wp-content\/uploads\/SAM_5196-300x225.jpg' title=\"\" data-rl_title=\"\" class=\"rl-gallery-link\" data-rl_caption=\"\" data-rel=\"lightbox-gallery-1\"><img width=\"300\" height=\"225\" src=\"http:\/\/sangliersduferrain.com\/web\/wp-content\/uploads\/SAM_5196-300x225.jpg\" class=\"attachment-medium size-medium\" alt=\"\" loading=\"lazy\" srcset=\"http:\/\/sangliersduferrain.com\/web\/wp-content\/uploads\/SAM_5196-300x225.jpg 300w, http:\/\/sangliersduferrain.com\/web\/wp-content\/uploads\/SAM_5196-768x576.jpg 768w, http:\/\/sangliersduferrain.com\/web\/wp-content\/uploads\/SAM_5196-1024x768.jpg 1024w\" sizes=\"(max-width: 300px) 100vw, 300px\" \/><\/a>\n\t\t\t<\/dt><\/dl><br style=\"clear: both\" \/>\n\t\t<\/div>\n\n","protected":false},"excerpt":{"rendered":"<p>Toutes les demi-heures environ, l\u2019ambiance du camp est ponctu\u00e9e par le d\u00e9marrage d\u2019une sayn\u00e8te. Elle interpelle, surprend le public, s\u2019appuie sur des \u00e9v\u00e9nements de la vie quotidienne au Moyen Age\u00a0: recrutement des soudoyers, sc\u00e8nes de justice, proc\u00e8s en sorcellerie, procession des reliques de Saint Perp\u00e8te, ripaille et divertissements, r\u00e9voltes et duels judiciaires\u2026 Et le public [&hellip;]<\/p>\n","protected":false},"author":2,"featured_media":0,"parent":0,"menu_order":0,"comment_status":"closed","ping_status":"closed","template":"","meta":[],"_links":{"self":[{"href":"http:\/\/sangliersduferrain.com\/web\/wp-json\/wp\/v2\/pages\/583"}],"collection":[{"href":"http:\/\/sangliersduferrain.com\/web\/wp-json\/wp\/v2\/pages"}],"about":[{"href":"http:\/\/sangliersduferrain.com\/web\/wp-json\/wp\/v2\/types\/page"}],"author":[{"embeddable":true,"href":"http:\/\/sangliersduferrain.com\/web\/wp-json\/wp\/v2\/users\/2"}],"replies":[{"embeddable":true,"href":"http:\/\/sangliersduferrain.com\/web\/wp-json\/wp\/v2\/comments?post=583"}],"version-history":[{"count":7,"href":"http:\/\/sangliersduferrain.com\/web\/wp-json\/wp\/v2\/pages\/583\/revisions"}],"predecessor-version":[{"id":738,"href":"http:\/\/sangliersduferrain.com\/web\/wp-json\/wp\/v2\/pages\/583\/revisions\/738"}],"wp:attachment":[{"href":"http:\/\/sangliersduferrain.com\/web\/wp-json\/wp\/v2\/media?parent=583"}],"curies":[{"name":"wp","href":"https:\/\/api.w.org\/{rel}","templated":true}]}}