{"id":585,"date":"2017-04-13T16:46:40","date_gmt":"2017-04-13T14:46:40","guid":{"rendered":"http:\/\/s667130194.onlinehome.fr\/web\/?page_id=585"},"modified":"2017-04-14T17:08:17","modified_gmt":"2017-04-14T15:08:17","slug":"presentation-darmes","status":"publish","type":"page","link":"http:\/\/sangliersduferrain.com\/web\/presentation-darmes\/","title":{"rendered":"Pr\u00e9sentation d&rsquo;armes"},"content":{"rendered":"<p class=\"western\" style=\"text-align: left;\"><span style=\"font-family: georgia,palatino,serif; font-size: 12pt;\">A parti<\/span><span style=\"font-family: georgia,palatino,serif; font-size: 12pt;\"><img loading=\"lazy\" class=\"alignright wp-image-413\" src=\"http:\/\/s667130194.onlinehome.fr\/web\/wp-content\/uploads\/2017\/02\/226-2-225x300.jpg\" width=\"338\" height=\"450\" srcset=\"http:\/\/sangliersduferrain.com\/web\/wp-content\/uploads\/2017\/02\/226-2-225x300.jpg 225w, http:\/\/sangliersduferrain.com\/web\/wp-content\/uploads\/2017\/02\/226-2-768x1024.jpg 768w, http:\/\/sangliersduferrain.com\/web\/wp-content\/uploads\/2017\/02\/226-2.jpg 2017w\" sizes=\"(max-width: 338px) 100vw, 338px\" \/><\/span><span style=\"font-family: georgia,palatino,serif; font-size: 12pt;\">r des <\/span><span style=\"font-family: georgia,palatino,serif; font-size: 12pt;\"><img loading=\"lazy\" class=\"alignleft wp-image-633\" src=\"http:\/\/s667130194.onlinehome.fr\/web\/wp-content\/uploads\/SAM_5118-2-259x300.jpg\" alt=\"\" width=\"388\" height=\"450\" srcset=\"http:\/\/sangliersduferrain.com\/web\/wp-content\/uploads\/SAM_5118-2-259x300.jpg 259w, http:\/\/sangliersduferrain.com\/web\/wp-content\/uploads\/SAM_5118-2-768x890.jpg 768w, http:\/\/sangliersduferrain.com\/web\/wp-content\/uploads\/SAM_5118-2-884x1024.jpg 884w, http:\/\/sangliersduferrain.com\/web\/wp-content\/uploads\/SAM_5118-2.jpg 1839w\" sizes=\"(max-width: 388px) 100vw, 388px\" \/><\/span><span style=\"font-family: georgia,palatino,serif; font-size: 12pt;\">recherc<\/span><span style=\"font-family: georgia,palatino,serif; font-size: 12pt;\">hes historique<\/span><span style=\"font-family: georgia,palatino,serif; font-size: 12pt;\">s, la pr\u00e9sentation d\u2019arme permet de <\/span><span style=\"font-family: georgia,palatino,serif; font-size: 12pt;\">reproduire les faits et gestes du combattant m\u00e9di\u00e9val, d\u00e9monstration \u00e0 l\u2019appui. <\/span><\/p>\n<p class=\"western\" style=\"text-align: left;\"><span style=\"font-family: georgia,palatino,serif; font-size: 12pt;\">Comment l\u2019homme d\u2019arme a t-il \u00e9volu\u00e9 au moyen \u00e2ge\u00a0?<br \/>\nQuel \u00e9tait son \u00e9quipement, sa mani\u00e8re de combattre\u00a0?<br \/>\nComment s\u2019organisaient les guerres, les attaques de ch\u00e2teau\u00a0? En dehors des clich\u00e9s habituels, comment \u00e9taient organis\u00e9es les batailles\u00a0?<\/span><\/p>\n<p>Appuy\u00e9 par une exposition de nombreuses armes et pi\u00e8ces d\u2019armure, chacun trouve la r\u00e9ponse \u00e0 ses questions&#8230;<\/p>\n\n\t\t<style type=\"text\/css\">\n\t\t\t#gallery-1 {\n\t\t\t\tmargin: auto;\n\t\t\t}\n\t\t\t#gallery-1 .gallery-item {\n\t\t\t\tfloat: left;\n\t\t\t\tmargin-top: 10px;\n\t\t\t\ttext-align: center;\n\t\t\t\twidth: 33%;\n\t\t\t}\n\t\t\t#gallery-1 img {\n\t\t\t\tborder: 2px solid #cfcfcf;\n\t\t\t}\n\t\t\t#gallery-1 .gallery-caption {\n\t\t\t\tmargin-left: 0;\n\t\t\t}\n\t\t\t\/* see gallery_shortcode() in wp-includes\/media.php *\/\n\t\t<\/style>\n\t\t<div id='gallery-1' class='gallery galleryid-585 gallery-columns-3 gallery-size-medium'><dl class='gallery-item'>\n\t\t\t<dt class='gallery-icon landscape'>\n\t\t\t\t<a href='http:\/\/sangliersduferrain.com\/web\/wp-content\/uploads\/DSCN6448-300x225.jpg' title=\"\" data-rl_title=\"\" class=\"rl-gallery-link\" data-rl_caption=\"\" data-rel=\"lightbox-gallery-1\"><img width=\"300\" height=\"225\" src=\"http:\/\/sangliersduferrain.com\/web\/wp-content\/uploads\/DSCN6448-300x225.jpg\" class=\"attachment-medium size-medium\" alt=\"\" loading=\"lazy\" srcset=\"http:\/\/sangliersduferrain.com\/web\/wp-content\/uploads\/DSCN6448-300x225.jpg 300w, http:\/\/sangliersduferrain.com\/web\/wp-content\/uploads\/DSCN6448-768x576.jpg 768w, http:\/\/sangliersduferrain.com\/web\/wp-content\/uploads\/DSCN6448-1024x768.jpg 1024w\" sizes=\"(max-width: 300px) 100vw, 300px\" \/><\/a>\n\t\t\t<\/dt><\/dl><dl class='gallery-item'>\n\t\t\t<dt class='gallery-icon landscape'>\n\t\t\t\t<a href='http:\/\/sangliersduferrain.com\/web\/wp-content\/uploads\/P1090763-300x225.jpg' title=\"\" data-rl_title=\"\" class=\"rl-gallery-link\" data-rl_caption=\"\" data-rel=\"lightbox-gallery-1\"><img width=\"300\" height=\"225\" src=\"http:\/\/sangliersduferrain.com\/web\/wp-content\/uploads\/P1090763-300x225.jpg\" class=\"attachment-medium size-medium\" alt=\"\" loading=\"lazy\" srcset=\"http:\/\/sangliersduferrain.com\/web\/wp-content\/uploads\/P1090763-300x225.jpg 300w, http:\/\/sangliersduferrain.com\/web\/wp-content\/uploads\/P1090763-768x576.jpg 768w, http:\/\/sangliersduferrain.com\/web\/wp-content\/uploads\/P1090763-1024x768.jpg 1024w\" sizes=\"(max-width: 300px) 100vw, 300px\" \/><\/a>\n\t\t\t<\/dt><\/dl><dl class='gallery-item'>\n\t\t\t<dt class='gallery-icon landscape'>\n\t\t\t\t<a href='http:\/\/sangliersduferrain.com\/web\/wp-content\/uploads\/P1090757-300x225.jpg' title=\"\" data-rl_title=\"\" class=\"rl-gallery-link\" data-rl_caption=\"\" data-rel=\"lightbox-gallery-1\"><img width=\"300\" height=\"225\" src=\"http:\/\/sangliersduferrain.com\/web\/wp-content\/uploads\/P1090757-300x225.jpg\" class=\"attachment-medium size-medium\" alt=\"\" loading=\"lazy\" srcset=\"http:\/\/sangliersduferrain.com\/web\/wp-content\/uploads\/P1090757-300x225.jpg 300w, http:\/\/sangliersduferrain.com\/web\/wp-content\/uploads\/P1090757-768x576.jpg 768w, http:\/\/sangliersduferrain.com\/web\/wp-content\/uploads\/P1090757-1024x768.jpg 1024w\" sizes=\"(max-width: 300px) 100vw, 300px\" \/><\/a>\n\t\t\t<\/dt><\/dl><br style=\"clear: both\" \/>\n\t\t<\/div>\n\n<p>&nbsp;<\/p>\n","protected":false},"excerpt":{"rendered":"<p>A partir des recherches historiques, la pr\u00e9sentation d\u2019arme permet de reproduire les faits et gestes du combattant m\u00e9di\u00e9val, d\u00e9monstration \u00e0 l\u2019appui. Comment l\u2019homme d\u2019arme a t-il \u00e9volu\u00e9 au moyen \u00e2ge\u00a0? Quel \u00e9tait son \u00e9quipement, sa mani\u00e8re de combattre\u00a0? Comment s\u2019organisaient les guerres, les attaques de ch\u00e2teau\u00a0? En dehors des clich\u00e9s habituels, comment \u00e9taient organis\u00e9es les [&hellip;]<\/p>\n","protected":false},"author":2,"featured_media":0,"parent":0,"menu_order":0,"comment_status":"closed","ping_status":"closed","template":"","meta":[],"_links":{"self":[{"href":"http:\/\/sangliersduferrain.com\/web\/wp-json\/wp\/v2\/pages\/585"}],"collection":[{"href":"http:\/\/sangliersduferrain.com\/web\/wp-json\/wp\/v2\/pages"}],"about":[{"href":"http:\/\/sangliersduferrain.com\/web\/wp-json\/wp\/v2\/types\/page"}],"author":[{"embeddable":true,"href":"http:\/\/sangliersduferrain.com\/web\/wp-json\/wp\/v2\/users\/2"}],"replies":[{"embeddable":true,"href":"http:\/\/sangliersduferrain.com\/web\/wp-json\/wp\/v2\/comments?post=585"}],"version-history":[{"count":6,"href":"http:\/\/sangliersduferrain.com\/web\/wp-json\/wp\/v2\/pages\/585\/revisions"}],"predecessor-version":[{"id":638,"href":"http:\/\/sangliersduferrain.com\/web\/wp-json\/wp\/v2\/pages\/585\/revisions\/638"}],"wp:attachment":[{"href":"http:\/\/sangliersduferrain.com\/web\/wp-json\/wp\/v2\/media?parent=585"}],"curies":[{"name":"wp","href":"https:\/\/api.w.org\/{rel}","templated":true}]}}