{"id":587,"date":"2017-04-13T16:47:23","date_gmt":"2017-04-13T14:47:23","guid":{"rendered":"http:\/\/s667130194.onlinehome.fr\/web\/?page_id=587"},"modified":"2017-04-14T16:37:43","modified_gmt":"2017-04-14T14:37:43","slug":"poliorcetique","status":"publish","type":"page","link":"http:\/\/sangliersduferrain.com\/web\/poliorcetique\/","title":{"rendered":"Poliorc\u00e9tique"},"content":{"rendered":"<p><img loading=\"lazy\" class=\" wp-image-269 alignright\" src=\"http:\/\/s667130194.onlinehome.fr\/web\/wp-content\/uploads\/2017\/02\/DSCN6890-300x225.jpg\" alt=\"\" width=\"585\" height=\"439\" srcset=\"http:\/\/sangliersduferrain.com\/web\/wp-content\/uploads\/2017\/02\/DSCN6890-300x225.jpg 300w, http:\/\/sangliersduferrain.com\/web\/wp-content\/uploads\/2017\/02\/DSCN6890-768x576.jpg 768w, http:\/\/sangliersduferrain.com\/web\/wp-content\/uploads\/2017\/02\/DSCN6890-1024x768.jpg 1024w\" sizes=\"(max-width: 585px) 100vw, 585px\" \/><\/p>\n<p>L&rsquo;atelier poliorc\u00e9tique pr\u00e9sente l&rsquo;\u00e9volution des techniques de si\u00e8ge du Xe au XVe si\u00e8cle \u00e0 travers les strat\u00e9gies d&rsquo;attaque, les moyens de d\u00e9fense et les machines utilis\u00e9es : pierri\u00e8re, tr\u00e9buchet, tour d&rsquo;assaut, bombarde, mangonneau&#8230;<\/p>\n<p>Comment parer \u00e0 l&rsquo;assaut d&rsquo;un b\u00e9lier, au creusement d&rsquo;une sape sous le rempart, \u00e0 l&rsquo;utilisation du feu gr\u00e9geois ?<\/p>\n<p>Quel est le rapport de force entre assaillants et d\u00e9fenseurs, l&rsquo;\u00e9tat de salubrit\u00e9 des campements, la logistique du ravitaillement ?<\/p>\n<p>Quelle port\u00e9e et cadence de tir pour chaque engin et son efficacit\u00e9 l&rsquo;impact ?<\/p>\n<p>Le public d\u00e9couvre \u00e0 travers cet atelier que la conduite d&rsquo;un si\u00e8ge ne s&rsquo;improvise pas.<img loading=\"lazy\" class=\"wp-image-624 alignleft\" src=\"http:\/\/s667130194.onlinehome.fr\/web\/wp-content\/uploads\/P1090784-300x225.jpg\" alt=\"\" width=\"506\" height=\"380\" srcset=\"http:\/\/sangliersduferrain.com\/web\/wp-content\/uploads\/P1090784-300x225.jpg 300w, http:\/\/sangliersduferrain.com\/web\/wp-content\/uploads\/P1090784-768x576.jpg 768w, http:\/\/sangliersduferrain.com\/web\/wp-content\/uploads\/P1090784-1024x768.jpg 1024w\" sizes=\"(max-width: 506px) 100vw, 506px\" \/><\/p>\n<p><img loading=\"lazy\" class=\"wp-image-374 alignright\" src=\"http:\/\/s667130194.onlinehome.fr\/web\/wp-content\/uploads\/2017\/02\/P1090660-300x225.jpg\" alt=\"\" width=\"507\" height=\"380\" srcset=\"http:\/\/sangliersduferrain.com\/web\/wp-content\/uploads\/2017\/02\/P1090660-300x225.jpg 300w, http:\/\/sangliersduferrain.com\/web\/wp-content\/uploads\/2017\/02\/P1090660-768x576.jpg 768w, http:\/\/sangliersduferrain.com\/web\/wp-content\/uploads\/2017\/02\/P1090660-1024x768.jpg 1024w\" sizes=\"(max-width: 507px) 100vw, 507px\" \/><\/p>\n<p style=\"text-align: left;\">\n","protected":false},"excerpt":{"rendered":"<p>L&rsquo;atelier poliorc\u00e9tique pr\u00e9sente l&rsquo;\u00e9volution des techniques de si\u00e8ge du Xe au XVe si\u00e8cle \u00e0 travers les strat\u00e9gies d&rsquo;attaque, les moyens de d\u00e9fense et les machines utilis\u00e9es : pierri\u00e8re, tr\u00e9buchet, tour d&rsquo;assaut, bombarde, mangonneau&#8230; Comment parer \u00e0 l&rsquo;assaut d&rsquo;un b\u00e9lier, au creusement d&rsquo;une sape sous le rempart, \u00e0 l&rsquo;utilisation du feu gr\u00e9geois ? Quel est le [&hellip;]<\/p>\n","protected":false},"author":2,"featured_media":0,"parent":0,"menu_order":0,"comment_status":"closed","ping_status":"closed","template":"","meta":[],"_links":{"self":[{"href":"http:\/\/sangliersduferrain.com\/web\/wp-json\/wp\/v2\/pages\/587"}],"collection":[{"href":"http:\/\/sangliersduferrain.com\/web\/wp-json\/wp\/v2\/pages"}],"about":[{"href":"http:\/\/sangliersduferrain.com\/web\/wp-json\/wp\/v2\/types\/page"}],"author":[{"embeddable":true,"href":"http:\/\/sangliersduferrain.com\/web\/wp-json\/wp\/v2\/users\/2"}],"replies":[{"embeddable":true,"href":"http:\/\/sangliersduferrain.com\/web\/wp-json\/wp\/v2\/comments?post=587"}],"version-history":[{"count":3,"href":"http:\/\/sangliersduferrain.com\/web\/wp-json\/wp\/v2\/pages\/587\/revisions"}],"predecessor-version":[{"id":625,"href":"http:\/\/sangliersduferrain.com\/web\/wp-json\/wp\/v2\/pages\/587\/revisions\/625"}],"wp:attachment":[{"href":"http:\/\/sangliersduferrain.com\/web\/wp-json\/wp\/v2\/media?parent=587"}],"curies":[{"name":"wp","href":"https:\/\/api.w.org\/{rel}","templated":true}]}}