{"id":591,"date":"2017-04-13T16:49:06","date_gmt":"2017-04-13T14:49:06","guid":{"rendered":"http:\/\/s667130194.onlinehome.fr\/web\/?page_id=591"},"modified":"2017-04-14T18:01:46","modified_gmt":"2017-04-14T16:01:46","slug":"forge","status":"publish","type":"page","link":"http:\/\/sangliersduferrain.com\/web\/forge\/","title":{"rendered":"Forge"},"content":{"rendered":"<p><img loading=\"lazy\" class=\"alignleft wp-image-671\" src=\"http:\/\/s667130194.onlinehome.fr\/web\/wp-content\/uploads\/IMG_5352.CR2_-300x200.jpg\" alt=\"\" width=\"602\" height=\"401\" srcset=\"http:\/\/sangliersduferrain.com\/web\/wp-content\/uploads\/IMG_5352.CR2_-300x200.jpg 300w, http:\/\/sangliersduferrain.com\/web\/wp-content\/uploads\/IMG_5352.CR2_-768x512.jpg 768w, http:\/\/sangliersduferrain.com\/web\/wp-content\/uploads\/IMG_5352.CR2_-1024x682.jpg 1024w\" sizes=\"(max-width: 602px) 100vw, 602px\" \/><\/p>\n<p style=\"text-align: left;\">Ma\u00eetre Pierre, f\u00e8vre de son \u00e9tat, r\u00e8gne en souverain sur sa forge.<\/p>\n<p style=\"text-align: left;\">D\u00e9monstration \u00e0 l\u2019appui, on y r\u00e9pare casques ou \u00e9p\u00e9es.<\/p>\n<p style=\"text-align: left;\">A moins que l\u2019on souhaite y faire r\u00e9aliser boucles de ceintures, dagues, coutelas ou pointes de fl\u00e8ches.<\/p>\n<p style=\"text-align: left;\">Le rythme des mart\u00e8lements sur l\u2019enclume s\u2019arr\u00eate souvent pour lui permettre de parler avec son public\u00a0\u00a0 temp\u00e9rature de chauffe, travail du fer ou \u00e9volution des techniques\u2026<\/p>\n\n\t\t<style type=\"text\/css\">\n\t\t\t#gallery-1 {\n\t\t\t\tmargin: auto;\n\t\t\t}\n\t\t\t#gallery-1 .gallery-item {\n\t\t\t\tfloat: left;\n\t\t\t\tmargin-top: 10px;\n\t\t\t\ttext-align: center;\n\t\t\t\twidth: 33%;\n\t\t\t}\n\t\t\t#gallery-1 img {\n\t\t\t\tborder: 2px solid #cfcfcf;\n\t\t\t}\n\t\t\t#gallery-1 .gallery-caption {\n\t\t\t\tmargin-left: 0;\n\t\t\t}\n\t\t\t\/* see gallery_shortcode() in wp-includes\/media.php *\/\n\t\t<\/style>\n\t\t<div id='gallery-1' class='gallery galleryid-591 gallery-columns-3 gallery-size-medium'><dl class='gallery-item'>\n\t\t\t<dt class='gallery-icon landscape'>\n\t\t\t\t<a href='http:\/\/sangliersduferrain.com\/web\/wp-content\/uploads\/2017\/02\/f2-300x225.jpg' title=\"\" data-rl_title=\"\" class=\"rl-gallery-link\" data-rl_caption=\"\" data-rel=\"lightbox-gallery-1\"><img width=\"300\" height=\"225\" src=\"http:\/\/sangliersduferrain.com\/web\/wp-content\/uploads\/2017\/02\/f2-300x225.jpg\" class=\"attachment-medium size-medium\" alt=\"\" loading=\"lazy\" aria-describedby=\"gallery-1-569\" srcset=\"http:\/\/sangliersduferrain.com\/web\/wp-content\/uploads\/2017\/02\/f2-300x225.jpg 300w, http:\/\/sangliersduferrain.com\/web\/wp-content\/uploads\/2017\/02\/f2-768x576.jpg 768w, http:\/\/sangliersduferrain.com\/web\/wp-content\/uploads\/2017\/02\/f2-1024x768.jpg 1024w\" sizes=\"(max-width: 300px) 100vw, 300px\" \/><\/a>\n\t\t\t<\/dt>\n\t\t\t\t<dd class='wp-caption-text gallery-caption' id='gallery-1-569'>\n\t\t\t\tKONICA MINOLTA DIGITAL CAMERA\n\t\t\t\t<\/dd><\/dl><dl class='gallery-item'>\n\t\t\t<dt class='gallery-icon portrait'>\n\t\t\t\t<a href='http:\/\/sangliersduferrain.com\/web\/wp-content\/uploads\/IMGP0066-225x300.jpg' title=\"\" data-rl_title=\"\" class=\"rl-gallery-link\" data-rl_caption=\"\" data-rel=\"lightbox-gallery-1\"><img width=\"225\" height=\"300\" src=\"http:\/\/sangliersduferrain.com\/web\/wp-content\/uploads\/IMGP0066-225x300.jpg\" class=\"attachment-medium size-medium\" alt=\"\" loading=\"lazy\" srcset=\"http:\/\/sangliersduferrain.com\/web\/wp-content\/uploads\/IMGP0066-225x300.jpg 225w, http:\/\/sangliersduferrain.com\/web\/wp-content\/uploads\/IMGP0066-768x1024.jpg 768w\" sizes=\"(max-width: 225px) 100vw, 225px\" \/><\/a>\n\t\t\t<\/dt><\/dl><dl class='gallery-item'>\n\t\t\t<dt class='gallery-icon landscape'>\n\t\t\t\t<a href='http:\/\/sangliersduferrain.com\/web\/wp-content\/uploads\/2017\/02\/f1-300x225.jpg' title=\"\" data-rl_title=\"\" class=\"rl-gallery-link\" data-rl_caption=\"\" data-rel=\"lightbox-gallery-1\"><img width=\"300\" height=\"225\" src=\"http:\/\/sangliersduferrain.com\/web\/wp-content\/uploads\/2017\/02\/f1-300x225.jpg\" class=\"attachment-medium size-medium\" alt=\"\" loading=\"lazy\" aria-describedby=\"gallery-1-568\" srcset=\"http:\/\/sangliersduferrain.com\/web\/wp-content\/uploads\/2017\/02\/f1-300x225.jpg 300w, http:\/\/sangliersduferrain.com\/web\/wp-content\/uploads\/2017\/02\/f1-768x576.jpg 768w, http:\/\/sangliersduferrain.com\/web\/wp-content\/uploads\/2017\/02\/f1-1024x768.jpg 1024w\" sizes=\"(max-width: 300px) 100vw, 300px\" \/><\/a>\n\t\t\t<\/dt>\n\t\t\t\t<dd class='wp-caption-text gallery-caption' id='gallery-1-568'>\n\t\t\t\tKONICA MINOLTA DIGITAL CAMERA\n\t\t\t\t<\/dd><\/dl><br style=\"clear: both\" \/><dl class='gallery-item'>\n\t\t\t<dt class='gallery-icon landscape'>\n\t\t\t\t<a href='http:\/\/sangliersduferrain.com\/web\/wp-content\/uploads\/2017\/02\/7T7Z1209-300x200.jpg' title=\"\" data-rl_title=\"\" class=\"rl-gallery-link\" data-rl_caption=\"\" data-rel=\"lightbox-gallery-1\"><img width=\"300\" height=\"200\" src=\"http:\/\/sangliersduferrain.com\/web\/wp-content\/uploads\/2017\/02\/7T7Z1209-300x200.jpg\" class=\"attachment-medium size-medium\" alt=\"\" loading=\"lazy\" srcset=\"http:\/\/sangliersduferrain.com\/web\/wp-content\/uploads\/2017\/02\/7T7Z1209-300x200.jpg 300w, http:\/\/sangliersduferrain.com\/web\/wp-content\/uploads\/2017\/02\/7T7Z1209-768x512.jpg 768w, http:\/\/sangliersduferrain.com\/web\/wp-content\/uploads\/2017\/02\/7T7Z1209-1024x683.jpg 1024w, http:\/\/sangliersduferrain.com\/web\/wp-content\/uploads\/2017\/02\/7T7Z1209.jpg 1600w\" sizes=\"(max-width: 300px) 100vw, 300px\" \/><\/a>\n\t\t\t<\/dt><\/dl><dl class='gallery-item'>\n\t\t\t<dt class='gallery-icon landscape'>\n\t\t\t\t<a href='http:\/\/sangliersduferrain.com\/web\/wp-content\/uploads\/DSCN6427-300x225.jpg' title=\"\" data-rl_title=\"\" class=\"rl-gallery-link\" data-rl_caption=\"\" data-rel=\"lightbox-gallery-1\"><img width=\"300\" height=\"225\" src=\"http:\/\/sangliersduferrain.com\/web\/wp-content\/uploads\/DSCN6427-300x225.jpg\" class=\"attachment-medium size-medium\" alt=\"\" loading=\"lazy\" srcset=\"http:\/\/sangliersduferrain.com\/web\/wp-content\/uploads\/DSCN6427-300x225.jpg 300w, http:\/\/sangliersduferrain.com\/web\/wp-content\/uploads\/DSCN6427-768x576.jpg 768w, http:\/\/sangliersduferrain.com\/web\/wp-content\/uploads\/DSCN6427-1024x768.jpg 1024w\" sizes=\"(max-width: 300px) 100vw, 300px\" \/><\/a>\n\t\t\t<\/dt><\/dl><dl class='gallery-item'>\n\t\t\t<dt class='gallery-icon landscape'>\n\t\t\t\t<a href='http:\/\/sangliersduferrain.com\/web\/wp-content\/uploads\/2017\/02\/7T7Z1206-300x200.jpg' title=\"\" data-rl_title=\"\" class=\"rl-gallery-link\" data-rl_caption=\"\" data-rel=\"lightbox-gallery-1\"><img width=\"300\" height=\"200\" src=\"http:\/\/sangliersduferrain.com\/web\/wp-content\/uploads\/2017\/02\/7T7Z1206-300x200.jpg\" class=\"attachment-medium size-medium\" alt=\"\" loading=\"lazy\" srcset=\"http:\/\/sangliersduferrain.com\/web\/wp-content\/uploads\/2017\/02\/7T7Z1206-300x200.jpg 300w, http:\/\/sangliersduferrain.com\/web\/wp-content\/uploads\/2017\/02\/7T7Z1206-768x512.jpg 768w, http:\/\/sangliersduferrain.com\/web\/wp-content\/uploads\/2017\/02\/7T7Z1206-1024x683.jpg 1024w, http:\/\/sangliersduferrain.com\/web\/wp-content\/uploads\/2017\/02\/7T7Z1206.jpg 1600w\" sizes=\"(max-width: 300px) 100vw, 300px\" \/><\/a>\n\t\t\t<\/dt><\/dl><br style=\"clear: both\" \/>\n\t\t<\/div>\n\n","protected":false},"excerpt":{"rendered":"<p>Ma\u00eetre Pierre, f\u00e8vre de son \u00e9tat, r\u00e8gne en souverain sur sa forge. D\u00e9monstration \u00e0 l\u2019appui, on y r\u00e9pare casques ou \u00e9p\u00e9es. A moins que l\u2019on souhaite y faire r\u00e9aliser boucles de ceintures, dagues, coutelas ou pointes de fl\u00e8ches. Le rythme des mart\u00e8lements sur l\u2019enclume s\u2019arr\u00eate souvent pour lui permettre de parler avec son public\u00a0\u00a0 temp\u00e9rature [&hellip;]<\/p>\n","protected":false},"author":2,"featured_media":0,"parent":0,"menu_order":0,"comment_status":"closed","ping_status":"closed","template":"","meta":[],"_links":{"self":[{"href":"http:\/\/sangliersduferrain.com\/web\/wp-json\/wp\/v2\/pages\/591"}],"collection":[{"href":"http:\/\/sangliersduferrain.com\/web\/wp-json\/wp\/v2\/pages"}],"about":[{"href":"http:\/\/sangliersduferrain.com\/web\/wp-json\/wp\/v2\/types\/page"}],"author":[{"embeddable":true,"href":"http:\/\/sangliersduferrain.com\/web\/wp-json\/wp\/v2\/users\/2"}],"replies":[{"embeddable":true,"href":"http:\/\/sangliersduferrain.com\/web\/wp-json\/wp\/v2\/comments?post=591"}],"version-history":[{"count":4,"href":"http:\/\/sangliersduferrain.com\/web\/wp-json\/wp\/v2\/pages\/591\/revisions"}],"predecessor-version":[{"id":672,"href":"http:\/\/sangliersduferrain.com\/web\/wp-json\/wp\/v2\/pages\/591\/revisions\/672"}],"wp:attachment":[{"href":"http:\/\/sangliersduferrain.com\/web\/wp-json\/wp\/v2\/media?parent=591"}],"curies":[{"name":"wp","href":"https:\/\/api.w.org\/{rel}","templated":true}]}}