{"id":595,"date":"2017-04-13T16:50:13","date_gmt":"2017-04-13T14:50:13","guid":{"rendered":"http:\/\/s667130194.onlinehome.fr\/web\/?page_id=595"},"modified":"2017-09-11T18:27:21","modified_gmt":"2017-09-11T16:27:21","slug":"archerie","status":"publish","type":"page","link":"http:\/\/sangliersduferrain.com\/web\/archerie\/","title":{"rendered":"Archerie"},"content":{"rendered":"<p><img loading=\"lazy\" class=\" wp-image-299 alignleft\" src=\"http:\/\/s667130194.onlinehome.fr\/web\/wp-content\/uploads\/2017\/02\/clermont12.jpg-2-300x185.png\" alt=\"\" width=\"386\" height=\"238\" srcset=\"http:\/\/sangliersduferrain.com\/web\/wp-content\/uploads\/2017\/02\/clermont12.jpg-2-300x185.png 300w, http:\/\/sangliersduferrain.com\/web\/wp-content\/uploads\/2017\/02\/clermont12.jpg-2.png 497w\" sizes=\"(max-width: 386px) 100vw, 386px\" \/><\/p>\n<p style=\"text-align: left;\">Red<img loading=\"lazy\" class=\"alignright wp-image-639\" src=\"http:\/\/s667130194.onlinehome.fr\/web\/wp-content\/uploads\/P1090782-300x225.jpg\" alt=\"\" width=\"399\" height=\"299\" srcset=\"http:\/\/sangliersduferrain.com\/web\/wp-content\/uploads\/P1090782-300x225.jpg 300w, http:\/\/sangliersduferrain.com\/web\/wp-content\/uploads\/P1090782-768x576.jpg 768w, http:\/\/sangliersduferrain.com\/web\/wp-content\/uploads\/P1090782-1024x768.jpg 1024w\" sizes=\"(max-width: 399px) 100vw, 399px\" \/>outablement efficaces, les armes de trait sont peu appr\u00e9ci\u00e9es des chevaliers car elles meurtrissent \u00e0 distance un adversaire, de fa\u00e7on peu glorieuse.<\/p>\n<p class=\"western\" style=\"text-align: left;\" align=\"justify\">Du longbow \u00e0 l\u2019arbal\u00e8te, l\u2019atelier archerie \u00e9voque l\u2019utilisation de ces armes : distance et cadence de tir, efficacit\u00e9 des diff\u00e9rents carreaux et sagettes.<\/p>\n<p style=\"text-align: left;\">Le maitre archier y pr\u00e9sente les diff\u00e9rentes pointes et leurs utilisations : pour la guerre, la chasse, bouter le feu \u00e0 distance ou couper des filins sur les navires.<\/p>\n\n\t\t<style type=\"text\/css\">\n\t\t\t#gallery-1 {\n\t\t\t\tmargin: auto;\n\t\t\t}\n\t\t\t#gallery-1 .gallery-item {\n\t\t\t\tfloat: left;\n\t\t\t\tmargin-top: 10px;\n\t\t\t\ttext-align: center;\n\t\t\t\twidth: 33%;\n\t\t\t}\n\t\t\t#gallery-1 img {\n\t\t\t\tborder: 2px solid #cfcfcf;\n\t\t\t}\n\t\t\t#gallery-1 .gallery-caption {\n\t\t\t\tmargin-left: 0;\n\t\t\t}\n\t\t\t\/* see gallery_shortcode() in wp-includes\/media.php *\/\n\t\t<\/style>\n\t\t<div id='gallery-1' class='gallery galleryid-595 gallery-columns-3 gallery-size-medium'><dl class='gallery-item'>\n\t\t\t<dt class='gallery-icon landscape'>\n\t\t\t\t<a href='http:\/\/sangliersduferrain.com\/web\/wp-content\/uploads\/P1100751-300x225.jpg' title=\"\" data-rl_title=\"\" class=\"rl-gallery-link\" data-rl_caption=\"\" data-rel=\"lightbox-gallery-1\"><img width=\"300\" height=\"225\" src=\"http:\/\/sangliersduferrain.com\/web\/wp-content\/uploads\/P1100751-300x225.jpg\" class=\"attachment-medium size-medium\" alt=\"\" loading=\"lazy\" srcset=\"http:\/\/sangliersduferrain.com\/web\/wp-content\/uploads\/P1100751-300x225.jpg 300w, http:\/\/sangliersduferrain.com\/web\/wp-content\/uploads\/P1100751-768x576.jpg 768w, http:\/\/sangliersduferrain.com\/web\/wp-content\/uploads\/P1100751-1024x768.jpg 1024w\" sizes=\"(max-width: 300px) 100vw, 300px\" \/><\/a>\n\t\t\t<\/dt><\/dl><dl class='gallery-item'>\n\t\t\t<dt class='gallery-icon portrait'>\n\t\t\t\t<a href='http:\/\/sangliersduferrain.com\/web\/wp-content\/uploads\/DSCN6930-225x300.jpg' title=\"\" data-rl_title=\"\" class=\"rl-gallery-link\" data-rl_caption=\"\" data-rel=\"lightbox-gallery-1\"><img width=\"225\" height=\"300\" src=\"http:\/\/sangliersduferrain.com\/web\/wp-content\/uploads\/DSCN6930-225x300.jpg\" class=\"attachment-medium size-medium\" alt=\"\" loading=\"lazy\" srcset=\"http:\/\/sangliersduferrain.com\/web\/wp-content\/uploads\/DSCN6930-225x300.jpg 225w, http:\/\/sangliersduferrain.com\/web\/wp-content\/uploads\/DSCN6930-768x1024.jpg 768w, http:\/\/sangliersduferrain.com\/web\/wp-content\/uploads\/DSCN6930.jpg 2046w\" sizes=\"(max-width: 225px) 100vw, 225px\" \/><\/a>\n\t\t\t<\/dt><\/dl>\n\t\t\t<br style='clear: both' \/>\n\t\t<\/div>\n\n","protected":false},"excerpt":{"rendered":"<p>Redoutablement efficaces, les armes de trait sont peu appr\u00e9ci\u00e9es des chevaliers car elles meurtrissent \u00e0 distance un adversaire, de fa\u00e7on peu glorieuse. Du longbow \u00e0 l\u2019arbal\u00e8te, l\u2019atelier archerie \u00e9voque l\u2019utilisation de ces armes : distance et cadence de tir, efficacit\u00e9 des diff\u00e9rents carreaux et sagettes. Le maitre archier y pr\u00e9sente les diff\u00e9rentes pointes et leurs [&hellip;]<\/p>\n","protected":false},"author":2,"featured_media":0,"parent":0,"menu_order":0,"comment_status":"closed","ping_status":"closed","template":"","meta":[],"_links":{"self":[{"href":"http:\/\/sangliersduferrain.com\/web\/wp-json\/wp\/v2\/pages\/595"}],"collection":[{"href":"http:\/\/sangliersduferrain.com\/web\/wp-json\/wp\/v2\/pages"}],"about":[{"href":"http:\/\/sangliersduferrain.com\/web\/wp-json\/wp\/v2\/types\/page"}],"author":[{"embeddable":true,"href":"http:\/\/sangliersduferrain.com\/web\/wp-json\/wp\/v2\/users\/2"}],"replies":[{"embeddable":true,"href":"http:\/\/sangliersduferrain.com\/web\/wp-json\/wp\/v2\/comments?post=595"}],"version-history":[{"count":4,"href":"http:\/\/sangliersduferrain.com\/web\/wp-json\/wp\/v2\/pages\/595\/revisions"}],"predecessor-version":[{"id":700,"href":"http:\/\/sangliersduferrain.com\/web\/wp-json\/wp\/v2\/pages\/595\/revisions\/700"}],"wp:attachment":[{"href":"http:\/\/sangliersduferrain.com\/web\/wp-json\/wp\/v2\/media?parent=595"}],"curies":[{"name":"wp","href":"https:\/\/api.w.org\/{rel}","templated":true}]}}