{"id":599,"date":"2017-04-13T16:51:27","date_gmt":"2017-04-13T14:51:27","guid":{"rendered":"http:\/\/s667130194.onlinehome.fr\/web\/?page_id=599"},"modified":"2017-09-11T19:14:22","modified_gmt":"2017-09-11T17:14:22","slug":"camp-2","status":"publish","type":"page","link":"http:\/\/sangliersduferrain.com\/web\/camp-2\/","title":{"rendered":"Camp"},"content":{"rendered":"<p>Le camp pose le d\u00e9cor pour les animations m\u00e9di\u00e9vales<\/p>\n<p><img loading=\"lazy\" class=\"size-full wp-image-17 alignleft\" src=\"http:\/\/s667130194.onlinehome.fr\/web\/wp-content\/uploads\/2017\/02\/camp.png\" alt=\"\" width=\"230\" height=\"122\" \/>Le camp est anim\u00e9 en continu. Tentes, r\u00e2teliers d\u2019armes, banni\u00e8res constituent un d\u00e9cor soign\u00e9 et restituent l\u2019ambiance d\u2019une journ\u00e9e au Moyen Age. Un spectacle permanent qui interpelle \u00e0 chaque instant\u00a0: ateliers cuir, haubergier, archerie, poliorc\u00e9tique, armurerie, chirurgie, sc\u00e8nes de vie et de combats fid\u00e9lisent le public et le tiennent en haleine. Le campement permet \u00e0 la compagnie de vivre en toute autonomie et de pr\u00e9senter l\u2019ensemble de ses animations m\u00e9di\u00e9vales.<img loading=\"lazy\" class=\"size-medium wp-image-27 alignright\" src=\"http:\/\/s667130194.onlinehome.fr\/web\/wp-content\/uploads\/2017\/02\/camp3-300x211.jpg\" alt=\"\" width=\"300\" height=\"211\" srcset=\"http:\/\/sangliersduferrain.com\/web\/wp-content\/uploads\/2017\/02\/camp3-300x211.jpg 300w, http:\/\/sangliersduferrain.com\/web\/wp-content\/uploads\/2017\/02\/camp3.jpg 320w\" sizes=\"(max-width: 300px) 100vw, 300px\" \/><\/p>\n<p>Diff\u00e9rents types de tentes composent le camp de mercenaires\u00a0:<\/p>\n<p>&#8211; la tente de commandement destin\u00e9e aux chefs de guerre<br \/>\n&#8211; un espace r\u00e9serv\u00e9 \u00e0 la pr\u00e9paration de la cuisine pour l\u2019ensemble de l\u2019ost<br \/>\n&#8211; un auvent pour la forgerie<br \/>\n&#8211; plusieurs tentes abritants une troupe composite\u00a0: chevaliers, roturiers, moines, bateleurs, ribaudes\u2026<br \/>\n&#8211; un grand auvent pour se rassembler et ripailler<br \/>\n&#8211; des \u00e9choppes pour les ateliers<\/p>\n<blockquote><p>Avec 25 ans d&rsquo;exp\u00e9rience, La Ghilde des Sangliers du Ferrain est une des plus anciennes troupes m\u00e9di\u00e9vales de France. Elle intervient dans de nombreux spectacles, mais \u00e9galement lors de pr\u00e9sentations p\u00e9dagogiques dans les \u00e9coles.<\/p>\n<p>Ses interventions s&rsquo;appuient sur des sources historiques lui permettant d\u2019alterner animations et reconstitution.<\/p>\n\n\t\t<style type=\"text\/css\">\n\t\t\t#gallery-1 {\n\t\t\t\tmargin: auto;\n\t\t\t}\n\t\t\t#gallery-1 .gallery-item {\n\t\t\t\tfloat: left;\n\t\t\t\tmargin-top: 10px;\n\t\t\t\ttext-align: center;\n\t\t\t\twidth: 33%;\n\t\t\t}\n\t\t\t#gallery-1 img {\n\t\t\t\tborder: 2px solid #cfcfcf;\n\t\t\t}\n\t\t\t#gallery-1 .gallery-caption {\n\t\t\t\tmargin-left: 0;\n\t\t\t}\n\t\t\t\/* see gallery_shortcode() in wp-includes\/media.php *\/\n\t\t<\/style>\n\t\t<div id='gallery-1' class='gallery galleryid-599 gallery-columns-3 gallery-size-medium'><dl class='gallery-item'>\n\t\t\t<dt class='gallery-icon portrait'>\n\t\t\t\t<a href='http:\/\/sangliersduferrain.com\/web\/wp-content\/uploads\/2017\/02\/230-225x300.jpg' title=\"\" data-rl_title=\"\" class=\"rl-gallery-link\" data-rl_caption=\"\" data-rel=\"lightbox-gallery-1\"><img width=\"225\" height=\"300\" src=\"http:\/\/sangliersduferrain.com\/web\/wp-content\/uploads\/2017\/02\/230-225x300.jpg\" class=\"attachment-medium size-medium\" alt=\"\" loading=\"lazy\" srcset=\"http:\/\/sangliersduferrain.com\/web\/wp-content\/uploads\/2017\/02\/230-225x300.jpg 225w, http:\/\/sangliersduferrain.com\/web\/wp-content\/uploads\/2017\/02\/230-768x1024.jpg 768w\" sizes=\"(max-width: 225px) 100vw, 225px\" \/><\/a>\n\t\t\t<\/dt><\/dl><dl class='gallery-item'>\n\t\t\t<dt class='gallery-icon portrait'>\n\t\t\t\t<a href='http:\/\/sangliersduferrain.com\/web\/wp-content\/uploads\/2017\/02\/DSCN6423-225x300.jpg' title=\"\" data-rl_title=\"\" class=\"rl-gallery-link\" data-rl_caption=\"\" data-rel=\"lightbox-gallery-1\"><img width=\"225\" height=\"300\" src=\"http:\/\/sangliersduferrain.com\/web\/wp-content\/uploads\/2017\/02\/DSCN6423-225x300.jpg\" class=\"attachment-medium size-medium\" alt=\"\" loading=\"lazy\" srcset=\"http:\/\/sangliersduferrain.com\/web\/wp-content\/uploads\/2017\/02\/DSCN6423-225x300.jpg 225w, http:\/\/sangliersduferrain.com\/web\/wp-content\/uploads\/2017\/02\/DSCN6423-768x1024.jpg 768w\" sizes=\"(max-width: 225px) 100vw, 225px\" \/><\/a>\n\t\t\t<\/dt><\/dl><dl class='gallery-item'>\n\t\t\t<dt class='gallery-icon portrait'>\n\t\t\t\t<a href='http:\/\/sangliersduferrain.com\/web\/wp-content\/uploads\/DSCN6412-225x300.jpg' title=\"\" data-rl_title=\"\" class=\"rl-gallery-link\" data-rl_caption=\"\" data-rel=\"lightbox-gallery-1\"><img width=\"225\" height=\"300\" src=\"http:\/\/sangliersduferrain.com\/web\/wp-content\/uploads\/DSCN6412-225x300.jpg\" class=\"attachment-medium size-medium\" alt=\"\" loading=\"lazy\" srcset=\"http:\/\/sangliersduferrain.com\/web\/wp-content\/uploads\/DSCN6412-225x300.jpg 225w, http:\/\/sangliersduferrain.com\/web\/wp-content\/uploads\/DSCN6412-768x1024.jpg 768w\" sizes=\"(max-width: 225px) 100vw, 225px\" \/><\/a>\n\t\t\t<\/dt><\/dl><br style=\"clear: both\" \/><dl class='gallery-item'>\n\t\t\t<dt class='gallery-icon landscape'>\n\t\t\t\t<a href='http:\/\/sangliersduferrain.com\/web\/wp-content\/uploads\/2017\/02\/DSCN6411-300x225.jpg' title=\"\" data-rl_title=\"\" class=\"rl-gallery-link\" data-rl_caption=\"\" data-rel=\"lightbox-gallery-1\"><img width=\"300\" height=\"225\" src=\"http:\/\/sangliersduferrain.com\/web\/wp-content\/uploads\/2017\/02\/DSCN6411-300x225.jpg\" class=\"attachment-medium size-medium\" alt=\"\" loading=\"lazy\" srcset=\"http:\/\/sangliersduferrain.com\/web\/wp-content\/uploads\/2017\/02\/DSCN6411-300x225.jpg 300w, http:\/\/sangliersduferrain.com\/web\/wp-content\/uploads\/2017\/02\/DSCN6411-768x576.jpg 768w, http:\/\/sangliersduferrain.com\/web\/wp-content\/uploads\/2017\/02\/DSCN6411-1024x768.jpg 1024w\" sizes=\"(max-width: 300px) 100vw, 300px\" \/><\/a>\n\t\t\t<\/dt><\/dl><dl class='gallery-item'>\n\t\t\t<dt class='gallery-icon portrait'>\n\t\t\t\t<a href='http:\/\/sangliersduferrain.com\/web\/wp-content\/uploads\/2017\/02\/DSCN6415-225x300.jpg' title=\"\" data-rl_title=\"\" class=\"rl-gallery-link\" data-rl_caption=\"\" data-rel=\"lightbox-gallery-1\"><img width=\"225\" height=\"300\" src=\"http:\/\/sangliersduferrain.com\/web\/wp-content\/uploads\/2017\/02\/DSCN6415-225x300.jpg\" class=\"attachment-medium size-medium\" alt=\"\" loading=\"lazy\" srcset=\"http:\/\/sangliersduferrain.com\/web\/wp-content\/uploads\/2017\/02\/DSCN6415-225x300.jpg 225w, http:\/\/sangliersduferrain.com\/web\/wp-content\/uploads\/2017\/02\/DSCN6415-768x1024.jpg 768w\" sizes=\"(max-width: 225px) 100vw, 225px\" \/><\/a>\n\t\t\t<\/dt><\/dl><dl class='gallery-item'>\n\t\t\t<dt class='gallery-icon landscape'>\n\t\t\t\t<a href='http:\/\/sangliersduferrain.com\/web\/wp-content\/uploads\/2017\/02\/108524932-300x227.jpg' title=\"\" data-rl_title=\"\" class=\"rl-gallery-link\" data-rl_caption=\"\" data-rel=\"lightbox-gallery-1\"><img width=\"300\" height=\"227\" src=\"http:\/\/sangliersduferrain.com\/web\/wp-content\/uploads\/2017\/02\/108524932-300x227.jpg\" class=\"attachment-medium size-medium\" alt=\"\" loading=\"lazy\" srcset=\"http:\/\/sangliersduferrain.com\/web\/wp-content\/uploads\/2017\/02\/108524932-300x227.jpg 300w, http:\/\/sangliersduferrain.com\/web\/wp-content\/uploads\/2017\/02\/108524932-768x581.jpg 768w, http:\/\/sangliersduferrain.com\/web\/wp-content\/uploads\/2017\/02\/108524932.jpg 1024w\" sizes=\"(max-width: 300px) 100vw, 300px\" \/><\/a>\n\t\t\t<\/dt><\/dl><br style=\"clear: both\" \/><dl class='gallery-item'>\n\t\t\t<dt class='gallery-icon landscape'>\n\t\t\t\t<a href='http:\/\/sangliersduferrain.com\/web\/wp-content\/uploads\/DSCN6945-300x225.jpg' title=\"\" data-rl_title=\"\" class=\"rl-gallery-link\" data-rl_caption=\"\" data-rel=\"lightbox-gallery-1\"><img width=\"300\" height=\"225\" src=\"http:\/\/sangliersduferrain.com\/web\/wp-content\/uploads\/DSCN6945-300x225.jpg\" class=\"attachment-medium size-medium\" alt=\"\" loading=\"lazy\" srcset=\"http:\/\/sangliersduferrain.com\/web\/wp-content\/uploads\/DSCN6945-300x225.jpg 300w, http:\/\/sangliersduferrain.com\/web\/wp-content\/uploads\/DSCN6945-768x576.jpg 768w, http:\/\/sangliersduferrain.com\/web\/wp-content\/uploads\/DSCN6945-1024x768.jpg 1024w\" sizes=\"(max-width: 300px) 100vw, 300px\" \/><\/a>\n\t\t\t<\/dt><\/dl><dl class='gallery-item'>\n\t\t\t<dt class='gallery-icon landscape'>\n\t\t\t\t<a href='http:\/\/sangliersduferrain.com\/web\/wp-content\/uploads\/DSCN6943-2-300x110.jpg' title=\"\" data-rl_title=\"\" class=\"rl-gallery-link\" data-rl_caption=\"\" data-rel=\"lightbox-gallery-1\"><img width=\"300\" height=\"110\" src=\"http:\/\/sangliersduferrain.com\/web\/wp-content\/uploads\/DSCN6943-2-300x110.jpg\" class=\"attachment-medium size-medium\" alt=\"\" loading=\"lazy\" srcset=\"http:\/\/sangliersduferrain.com\/web\/wp-content\/uploads\/DSCN6943-2-300x110.jpg 300w, http:\/\/sangliersduferrain.com\/web\/wp-content\/uploads\/DSCN6943-2-768x281.jpg 768w, http:\/\/sangliersduferrain.com\/web\/wp-content\/uploads\/DSCN6943-2-1024x374.jpg 1024w\" sizes=\"(max-width: 300px) 100vw, 300px\" \/><\/a>\n\t\t\t<\/dt><\/dl><dl class='gallery-item'>\n\t\t\t<dt class='gallery-icon landscape'>\n\t\t\t\t<a href='http:\/\/sangliersduferrain.com\/web\/wp-content\/uploads\/DSCN6936-300x225.jpg' title=\"\" data-rl_title=\"\" class=\"rl-gallery-link\" data-rl_caption=\"\" data-rel=\"lightbox-gallery-1\"><img width=\"300\" height=\"225\" src=\"http:\/\/sangliersduferrain.com\/web\/wp-content\/uploads\/DSCN6936-300x225.jpg\" class=\"attachment-medium size-medium\" alt=\"\" loading=\"lazy\" srcset=\"http:\/\/sangliersduferrain.com\/web\/wp-content\/uploads\/DSCN6936-300x225.jpg 300w, http:\/\/sangliersduferrain.com\/web\/wp-content\/uploads\/DSCN6936-768x576.jpg 768w, http:\/\/sangliersduferrain.com\/web\/wp-content\/uploads\/DSCN6936-1024x768.jpg 1024w\" sizes=\"(max-width: 300px) 100vw, 300px\" \/><\/a>\n\t\t\t<\/dt><\/dl><br style=\"clear: both\" \/>\n\t\t<\/div>\n<\/blockquote>\n","protected":false},"excerpt":{"rendered":"<p>Le camp pose le d\u00e9cor pour les animations m\u00e9di\u00e9vales Le camp est anim\u00e9 en continu. Tentes, r\u00e2teliers d\u2019armes, banni\u00e8res constituent un d\u00e9cor soign\u00e9 et restituent l\u2019ambiance d\u2019une journ\u00e9e au Moyen Age. Un spectacle permanent qui interpelle \u00e0 chaque instant\u00a0: ateliers cuir, haubergier, archerie, poliorc\u00e9tique, armurerie, chirurgie, sc\u00e8nes de vie et de combats fid\u00e9lisent le public [&hellip;]<\/p>\n","protected":false},"author":2,"featured_media":0,"parent":0,"menu_order":0,"comment_status":"closed","ping_status":"closed","template":"","meta":[],"_links":{"self":[{"href":"http:\/\/sangliersduferrain.com\/web\/wp-json\/wp\/v2\/pages\/599"}],"collection":[{"href":"http:\/\/sangliersduferrain.com\/web\/wp-json\/wp\/v2\/pages"}],"about":[{"href":"http:\/\/sangliersduferrain.com\/web\/wp-json\/wp\/v2\/types\/page"}],"author":[{"embeddable":true,"href":"http:\/\/sangliersduferrain.com\/web\/wp-json\/wp\/v2\/users\/2"}],"replies":[{"embeddable":true,"href":"http:\/\/sangliersduferrain.com\/web\/wp-json\/wp\/v2\/comments?post=599"}],"version-history":[{"count":5,"href":"http:\/\/sangliersduferrain.com\/web\/wp-json\/wp\/v2\/pages\/599\/revisions"}],"predecessor-version":[{"id":708,"href":"http:\/\/sangliersduferrain.com\/web\/wp-json\/wp\/v2\/pages\/599\/revisions\/708"}],"wp:attachment":[{"href":"http:\/\/sangliersduferrain.com\/web\/wp-json\/wp\/v2\/media?parent=599"}],"curies":[{"name":"wp","href":"https:\/\/api.w.org\/{rel}","templated":true}]}}